{"id":330,"date":"2013-02-17T20:42:47","date_gmt":"2013-02-17T20:42:47","guid":{"rendered":"http:\/\/woelfterode.de\/?page_id=2"},"modified":"2013-02-17T20:42:47","modified_gmt":"2013-02-17T20:42:47","slug":"geschicht","status":"publish","type":"page","link":"http:\/\/woelfterode.de\/home\/geschicht\/","title":{"rendered":"Geschichte"},"content":{"rendered":"<p>Erw\u00e4hnungsurkunde<\/p>\n<div id=\"attachment_138\" style=\"width: 310px\" class=\"wp-caption aligncenter\"><a href=\"http:\/\/woelfterode.de\/wp-content\/uploads\/2013\/02\/UrkundeWoelfterode.jpg\" rel=\"lightbox[330]\"><img aria-describedby=\"caption-attachment-138\" loading=\"lazy\" class=\"size-medium wp-image-138\" alt=\"Gr\u00fcndungsurkunde\" src=\"http:\/\/woelfterode.de\/wp-content\/uploads\/2013\/02\/UrkundeWoelfterode-300x128.jpg\" width=\"300\" height=\"128\" srcset=\"http:\/\/woelfterode.de\/wp-content\/uploads\/2013\/02\/UrkundeWoelfterode-300x128.jpg 300w, http:\/\/woelfterode.de\/wp-content\/uploads\/2013\/02\/UrkundeWoelfterode-1024x438.jpg 1024w, http:\/\/woelfterode.de\/wp-content\/uploads\/2013\/02\/UrkundeWoelfterode-500x214.jpg 500w\" sizes=\"(max-width: 300px) 100vw, 300px\" \/><\/a><p id=\"caption-attachment-138\" class=\"wp-caption-text\">Erw\u00e4hnungsurkunde<\/p><\/div>\n<p>Ausschnitte der sehr gut erhaltenen Pergamenturkunde mit Abtsiegel lauten: Wir Johans von Gotis gnadin apt des Stiftes zu Hersfelde bekennen das myt unsirm Wi\u00dfcen unde Wille ist geschen das unsir lyebe yn gote Andres probst Lyse priorin unde der convent gemeynlich tzu deme Korynberge han eynis rechtin koufis wurkouft der frawin von Romrode unde yn das sichus ires conventes tzu deme Korinberge tzwenczig schillinge phennyge an irin gutin tzu Asmanshusen unde tzu Hasbach.. unde vir unde dri\u00dfig schillinge hellergeldis an allin irin lantsideln tzu <span style=\"text-decoration: underline;\">Welferode<\/span>\u2026.tzu wydirkoufe\u2026 Gegebin tzu den Eichin nach Christes geburt driczenhundirt yar yn deme dry unde sechczigistin iare, am donirstage yn der phingstwochen (SCHMINKE 1872).<\/p>\n<p>&nbsp;<\/p>\n<p>In der Ersterw\u00e4hnungsurkunde beurkundet der Abt Johans (Johannes II von Elben) vom Stift Hersfeld, dass Probst Andreas, Priorin Lisa und der Konvent des Klosters Cornberg der Frau von Romrode und dem Siechenhaus zu Cornberg G\u00fcter in Asmushausen, M\u00f6nchhosbach und W\u00f6lfterode gepf\u00e4ndet haben. Letzter Satz: Gegeben zu den Eichen (Schloss) nach Christes Geburt Dreizehnhundertjahr und dreiundsechzig Jahre am Donnerstage in der Pfingstwoche.<\/p>\n","protected":false},"excerpt":{"rendered":"<p>Erw\u00e4hnungsurkunde Ausschnitte der sehr gut erhaltenen Pergamenturkunde mit Abtsiegel lauten: Wir Johans von Gotis gnadin apt des Stiftes zu Hersfelde bekennen das myt unsirm Wi\u00dfcen unde Wille ist geschen das unsir lyebe yn gote Andres probst Lyse priorin unde der convent gemeynlich tzu deme Korynberge han eynis rechtin koufis wurkouft der frawin von Romrode unde [&hellip;]<\/p>\n","protected":false},"author":3,"featured_media":0,"parent":0,"menu_order":0,"comment_status":"closed","ping_status":"open","template":"","meta":{"ngg_post_thumbnail":0},"_links":{"self":[{"href":"http:\/\/woelfterode.de\/home\/wp-json\/wp\/v2\/pages\/330"}],"collection":[{"href":"http:\/\/woelfterode.de\/home\/wp-json\/wp\/v2\/pages"}],"about":[{"href":"http:\/\/woelfterode.de\/home\/wp-json\/wp\/v2\/types\/page"}],"author":[{"embeddable":true,"href":"http:\/\/woelfterode.de\/home\/wp-json\/wp\/v2\/users\/3"}],"replies":[{"embeddable":true,"href":"http:\/\/woelfterode.de\/home\/wp-json\/wp\/v2\/comments?post=330"}],"version-history":[{"count":0,"href":"http:\/\/woelfterode.de\/home\/wp-json\/wp\/v2\/pages\/330\/revisions"}],"wp:attachment":[{"href":"http:\/\/woelfterode.de\/home\/wp-json\/wp\/v2\/media?parent=330"}],"curies":[{"name":"wp","href":"https:\/\/api.w.org\/{rel}","templated":true}]}}